{"id":75,"date":"2020-01-27T08:29:32","date_gmt":"2020-01-27T08:29:32","guid":{"rendered":"https:\/\/demosites.io\/web-agency-gb\/?page_id=75"},"modified":"2024-01-19T15:56:59","modified_gmt":"2024-01-19T14:56:59","slug":"atelier-les-colibris-iser-drome-ardeche","status":"publish","type":"page","link":"https:\/\/atelierlescolibris.com\/index.php\/atelier-les-colibris-iser-drome-ardeche\/","title":{"rendered":"NOUS REJOINDRE"},"content":{"rendered":"\n<figure class=\"wp-block-image size-full\"><img loading=\"lazy\" decoding=\"async\" width=\"63\" height=\"63\" src=\"https:\/\/atelierlescolibris.com\/wp-content\/uploads\/2021\/06\/phone-sm.png\" alt=\"atelier les colibris 06 72 92 14 60\" class=\"wp-image-304\"\/><figcaption class=\"wp-element-caption\">06 72 92 14 60 \/ 14H-22H<\/figcaption><\/figure>\n\n\n\n<figure class=\"wp-block-image size-full\"><img loading=\"lazy\" decoding=\"async\" width=\"49\" height=\"65\" src=\"https:\/\/atelierlescolibris.com\/wp-content\/uploads\/2021\/06\/location-sm.png\" alt=\"atelier les colibris\" class=\"wp-image-305\"\/><\/figure>\n\n\n\n<p>en Is\u00e8re, cabinet mutualis\u00e9, 21 rue Lamartine 38170 seyssinet-Pariset<\/p>\n\n\n\n<p>La maisou 38650 Sinard<\/p>\n\n\n\n<p>La p\u00e9pite, 6 rue Georges Maeder 38170 Seyssinet-Pariset<\/p>\n\n\n\n<p>           <\/p>\n\n\n\n<figure class=\"wp-block-image size-full\"><img loading=\"lazy\" decoding=\"async\" width=\"474\" height=\"316\" src=\"https:\/\/atelierlescolibris.com\/wp-content\/uploads\/2021\/10\/mapio.net_.jpg\" alt=\"\" class=\"wp-image-5083\" srcset=\"https:\/\/atelierlescolibris.com\/wp-content\/uploads\/2021\/10\/mapio.net_.jpg 474w, https:\/\/atelierlescolibris.com\/wp-content\/uploads\/2021\/10\/mapio.net_-300x200.jpg 300w\" sizes=\"auto, (max-width: 474px) 100vw, 474px\" \/><\/figure>\n","protected":false},"excerpt":{"rendered":"<p>en Is\u00e8re, cabinet mutualis\u00e9, 21 rue Lamartine 38170 seyssinet-Pariset La maisou 38650 Sinard La p\u00e9pite, 6 rue Georges Maeder 38170 Seyssinet-Pariset<\/p>\n","protected":false},"author":1,"featured_media":5083,"parent":0,"menu_order":0,"comment_status":"closed","ping_status":"closed","template":"","meta":{"_ti_tpc_template_sync":false,"_ti_tpc_template_id":"zuvhy18wufi8o2qqt4z7","footnotes":""},"class_list":["post-75","page","type-page","status-publish","has-post-thumbnail","hentry"],"_links":{"self":[{"href":"https:\/\/atelierlescolibris.com\/index.php\/wp-json\/wp\/v2\/pages\/75","targetHints":{"allow":["GET"]}}],"collection":[{"href":"https:\/\/atelierlescolibris.com\/index.php\/wp-json\/wp\/v2\/pages"}],"about":[{"href":"https:\/\/atelierlescolibris.com\/index.php\/wp-json\/wp\/v2\/types\/page"}],"author":[{"embeddable":true,"href":"https:\/\/atelierlescolibris.com\/index.php\/wp-json\/wp\/v2\/users\/1"}],"replies":[{"embeddable":true,"href":"https:\/\/atelierlescolibris.com\/index.php\/wp-json\/wp\/v2\/comments?post=75"}],"version-history":[{"count":38,"href":"https:\/\/atelierlescolibris.com\/index.php\/wp-json\/wp\/v2\/pages\/75\/revisions"}],"predecessor-version":[{"id":5594,"href":"https:\/\/atelierlescolibris.com\/index.php\/wp-json\/wp\/v2\/pages\/75\/revisions\/5594"}],"wp:featuredmedia":[{"embeddable":true,"href":"https:\/\/atelierlescolibris.com\/index.php\/wp-json\/wp\/v2\/media\/5083"}],"wp:attachment":[{"href":"https:\/\/atelierlescolibris.com\/index.php\/wp-json\/wp\/v2\/media?parent=75"}],"curies":[{"name":"wp","href":"https:\/\/api.w.org\/{rel}","templated":true}]}}