{"id":5033,"date":"2021-10-16T23:09:40","date_gmt":"2021-10-16T21:09:40","guid":{"rendered":"https:\/\/atelierlescolibris.com\/?page_id=5033"},"modified":"2022-02-16T21:48:56","modified_gmt":"2022-02-16T20:48:56","slug":"agenda-cours-de-couture-patronage-art-textile-trieves-38-isere","status":"publish","type":"page","link":"https:\/\/atelierlescolibris.com\/index.php\/agenda-cours-de-couture-patronage-art-textile-trieves-38-isere\/","title":{"rendered":"[AGENDA]"},"content":{"rendered":"\n<figure class=\"wp-block-image size-large\"><img loading=\"lazy\" decoding=\"async\" width=\"724\" height=\"1024\" src=\"https:\/\/atelierlescolibris.com\/wp-content\/uploads\/2021\/12\/HORAIRES-ATELIER-2022-724x1024.jpg\" alt=\"horaires ouverture de l'atelier les colibris\" class=\"wp-image-5301\" srcset=\"https:\/\/atelierlescolibris.com\/wp-content\/uploads\/2021\/12\/HORAIRES-ATELIER-2022-724x1024.jpg 724w, https:\/\/atelierlescolibris.com\/wp-content\/uploads\/2021\/12\/HORAIRES-ATELIER-2022-212x300.jpg 212w, https:\/\/atelierlescolibris.com\/wp-content\/uploads\/2021\/12\/HORAIRES-ATELIER-2022-768x1086.jpg 768w, https:\/\/atelierlescolibris.com\/wp-content\/uploads\/2021\/12\/HORAIRES-ATELIER-2022-1086x1536.jpg 1086w, https:\/\/atelierlescolibris.com\/wp-content\/uploads\/2021\/12\/HORAIRES-ATELIER-2022-1448x2048.jpg 1448w, https:\/\/atelierlescolibris.com\/wp-content\/uploads\/2021\/12\/HORAIRES-ATELIER-2022.jpg 1587w\" sizes=\"auto, (max-width: 724px) 100vw, 724px\" \/><\/figure>\n\n\n\n<h2 class=\"wp-block-heading\" id=\"le-samedi\">le samedi  <\/h2>\n\n\n\n<p>[ COURS DE COUTURE ]  tarif : 40 \u20ac  au choix: 10h-13h \/ 14h-17h \/ 17h-20h\/ 8 personnes max <\/p>\n\n\n\n<ul class=\"wp-block-list\"><li> COUTURE th\u00e8me libre  tous les 1 er samedi de chaque mois<\/li><li>COUTURE th\u00e8me nomade  tous les 3 \u00e8me samedi de chaque mois<\/li><\/ul>\n\n\n\n<div class=\"wp-block-image\"><figure class=\"aligncenter size-medium\"><img loading=\"lazy\" decoding=\"async\" width=\"300\" height=\"300\" src=\"https:\/\/atelierlescolibris.com\/wp-content\/uploads\/2021\/12\/stage-ECHARPE-REVERSIBLE-300x300.jpg\" alt=\"stage couture ECHARPE REVERSIBLE\" class=\"wp-image-5303\" srcset=\"https:\/\/atelierlescolibris.com\/wp-content\/uploads\/2021\/12\/stage-ECHARPE-REVERSIBLE-300x300.jpg 300w, https:\/\/atelierlescolibris.com\/wp-content\/uploads\/2021\/12\/stage-ECHARPE-REVERSIBLE-1024x1024.jpg 1024w, https:\/\/atelierlescolibris.com\/wp-content\/uploads\/2021\/12\/stage-ECHARPE-REVERSIBLE-150x150.jpg 150w, https:\/\/atelierlescolibris.com\/wp-content\/uploads\/2021\/12\/stage-ECHARPE-REVERSIBLE-768x768.jpg 768w, https:\/\/atelierlescolibris.com\/wp-content\/uploads\/2021\/12\/stage-ECHARPE-REVERSIBLE.jpg 1080w\" sizes=\"auto, (max-width: 300px) 100vw, 300px\" \/><figcaption>\u00c9CHARPE R\u00c9VERSIBLE]<img decoding=\"async\" alt=\"\ud83c\udf81\" src=\"https:\/\/fonts.gstatic.com\/s\/e\/notoemoji\/14.0\/1f381\/32.png\"><br><br><br><img decoding=\"async\" alt=\"\u2728\" src=\"https:\/\/fonts.gstatic.com\/s\/e\/notoemoji\/14.0\/2728\/32.png\">Apprendre \u00e0 coudre<br><img decoding=\"async\" alt=\"\ud83d\udcab\" src=\"https:\/\/fonts.gstatic.com\/s\/e\/notoemoji\/14.0\/1f4ab\/32.png\">&nbsp;R\u00e9aliser ses cadeaux soi-m\u00eame<br><img decoding=\"async\" alt=\"\u2728\" src=\"https:\/\/fonts.gstatic.com\/s\/e\/notoemoji\/14.0\/2728\/32.png\">Se challenger<br><img decoding=\"async\" alt=\"\ud83d\udcab\" src=\"https:\/\/fonts.gstatic.com\/s\/e\/notoemoji\/14.0\/1f4ab\/32.png\">Se faire plaisir<br><br><br>Ce stage est pour vous&nbsp;<img decoding=\"async\" alt=\"\ud83c\udf81\" src=\"https:\/\/fonts.gstatic.com\/s\/e\/notoemoji\/14.0\/1f381\/32.png\"><br><br>14-17h<br>Mat\u00e9riel fourni\/ 95 \u20ac ou non fourni 40 \u20ac<br><br>Bonnes vibrations de l&rsquo;hiver<img decoding=\"async\" alt=\"\u2600\ufe0f\" src=\"https:\/\/fonts.gstatic.com\/s\/e\/notoemoji\/14.0\/2600_fe0f\/32.png\"><br><br><br><img decoding=\"async\" alt=\"\u27a1\ufe0f\" src=\"https:\/\/fonts.gstatic.com\/s\/e\/notoemoji\/14.0\/27a1_fe0f\/32.png\"> r\u00e9server votre cours de couture du samedi<br><br><br><br><\/figcaption><\/figure><\/div>\n\n\n\n<div class=\"wp-block-image\"><figure class=\"aligncenter size-medium\"><img loading=\"lazy\" decoding=\"async\" width=\"300\" height=\"300\" src=\"https:\/\/atelierlescolibris.com\/wp-content\/uploads\/2021\/12\/stage-couture-et-patronage-2022-1-300x300.jpg\" alt=\"\" class=\"wp-image-5311\" srcset=\"https:\/\/atelierlescolibris.com\/wp-content\/uploads\/2021\/12\/stage-couture-et-patronage-2022-1-300x300.jpg 300w, https:\/\/atelierlescolibris.com\/wp-content\/uploads\/2021\/12\/stage-couture-et-patronage-2022-1-1024x1024.jpg 1024w, https:\/\/atelierlescolibris.com\/wp-content\/uploads\/2021\/12\/stage-couture-et-patronage-2022-1-150x150.jpg 150w, https:\/\/atelierlescolibris.com\/wp-content\/uploads\/2021\/12\/stage-couture-et-patronage-2022-1-768x768.jpg 768w, https:\/\/atelierlescolibris.com\/wp-content\/uploads\/2021\/12\/stage-couture-et-patronage-2022-1.jpg 1080w\" sizes=\"auto, (max-width: 300px) 100vw, 300px\" \/><\/figure><\/div>\n\n\n\n<p>[ PATRONAGE &amp; MOULAGE]   tarif : 80 \u20ac \/ 10h-17h \/ 8 personnes max <\/p>\n\n\n\n<ul class=\"has-neve-text-color-color has-text-color wp-block-list\"><li>CYCLE d\u00e9butant  tous les 1 er samedi de chaque mois <\/li><\/ul>\n\n\n\n<div class=\"wp-block-image\"><figure class=\"aligncenter size-medium\"><img loading=\"lazy\" decoding=\"async\" width=\"300\" height=\"300\" src=\"https:\/\/atelierlescolibris.com\/wp-content\/uploads\/2021\/10\/stage-art-textile-2021-300x300.jpg\" alt=\"\" class=\"wp-image-5047\" srcset=\"https:\/\/atelierlescolibris.com\/wp-content\/uploads\/2021\/10\/stage-art-textile-2021-300x300.jpg 300w, https:\/\/atelierlescolibris.com\/wp-content\/uploads\/2021\/10\/stage-art-textile-2021-1024x1024.jpg 1024w, https:\/\/atelierlescolibris.com\/wp-content\/uploads\/2021\/10\/stage-art-textile-2021-150x150.jpg 150w, https:\/\/atelierlescolibris.com\/wp-content\/uploads\/2021\/10\/stage-art-textile-2021-768x768.jpg 768w, https:\/\/atelierlescolibris.com\/wp-content\/uploads\/2021\/10\/stage-art-textile-2021.jpg 1080w\" sizes=\"auto, (max-width: 300px) 100vw, 300px\" \/><\/figure><\/div>\n\n\n\n<p>[ART TEXTILE ]  tarif : 80 \u20ac \/ 10h-17h \/ 4 personnes max <\/p>\n\n\n\n<ul class=\"wp-block-list\"><li>STAGE \u00e0 Th\u00e8me tous les 4 eme samedi de chaque mois<\/li><\/ul>\n\n\n\n<h2 class=\"wp-block-heading\" id=\"inscription\">INSCRIPTION<\/h2>\n\n\n\n<p>nous contacter au 06.72.92.14.60<\/p>\n\n\n\n<p>Apr\u00e8s r\u00e9ception de votre r\u00e9glement, votre inscription est valid\u00e9e. Toute s\u00e9ance non d\u00e9command\u00e9e 48 H avant est du <\/p>\n\n\n\n<p>                                                                                                                                    <\/p>\n","protected":false},"excerpt":{"rendered":"<p>le samedi [ COURS DE COUTURE ] tarif : 40 \u20ac au choix: 10h-13h \/ 14h-17h \/ 17h-20h\/ 8 personnes max COUTURE th\u00e8me libre tous les 1 er samedi de &hellip; <\/p>\n","protected":false},"author":1,"featured_media":0,"parent":0,"menu_order":0,"comment_status":"closed","ping_status":"closed","template":"","meta":{"_ti_tpc_template_sync":false,"_ti_tpc_template_id":"","footnotes":""},"class_list":["post-5033","page","type-page","status-publish","hentry"],"_links":{"self":[{"href":"https:\/\/atelierlescolibris.com\/index.php\/wp-json\/wp\/v2\/pages\/5033","targetHints":{"allow":["GET"]}}],"collection":[{"href":"https:\/\/atelierlescolibris.com\/index.php\/wp-json\/wp\/v2\/pages"}],"about":[{"href":"https:\/\/atelierlescolibris.com\/index.php\/wp-json\/wp\/v2\/types\/page"}],"author":[{"embeddable":true,"href":"https:\/\/atelierlescolibris.com\/index.php\/wp-json\/wp\/v2\/users\/1"}],"replies":[{"embeddable":true,"href":"https:\/\/atelierlescolibris.com\/index.php\/wp-json\/wp\/v2\/comments?post=5033"}],"version-history":[{"count":25,"href":"https:\/\/atelierlescolibris.com\/index.php\/wp-json\/wp\/v2\/pages\/5033\/revisions"}],"predecessor-version":[{"id":5336,"href":"https:\/\/atelierlescolibris.com\/index.php\/wp-json\/wp\/v2\/pages\/5033\/revisions\/5336"}],"wp:attachment":[{"href":"https:\/\/atelierlescolibris.com\/index.php\/wp-json\/wp\/v2\/media?parent=5033"}],"curies":[{"name":"wp","href":"https:\/\/api.w.org\/{rel}","templated":true}]}}