{"id":5,"date":"2020-01-13T11:17:52","date_gmt":"2020-01-13T11:17:52","guid":{"rendered":"https:\/\/demosites.io\/web-agency-gb\/?page_id=5"},"modified":"2022-02-16T21:40:54","modified_gmt":"2022-02-16T20:40:54","slug":"15c42-web-agency-gb-home","status":"publish","type":"page","link":"https:\/\/atelierlescolibris.com\/","title":{"rendered":"BIENVENUE"},"content":{"rendered":"\n<div style=\"height:80px\" aria-hidden=\"true\" class=\"wp-block-spacer\"><\/div>\n\n\n\n<div class=\"wp-block-image\"><figure class=\"aligncenter size-medium\"><img loading=\"lazy\" decoding=\"async\" width=\"300\" height=\"187\" src=\"https:\/\/atelierlescolibris.com\/wp-content\/uploads\/2021\/12\/IMG-20211209-WA0000-300x187.jpg\" alt=\"[PAUSE HIVERNALE]\n WINTER BREAK\nIci les montagnes enfilent leurs grand manteaux blancs\nSuite aux derni\u00e8res annonces gouvernementales, les ateliers sont r\u00e9duis \u00e0 4 personnes jusqu'\u00e0 l'apaisement sanitaire\nMerci de votre compr\u00e9hension\nJe vous souhaite pour ses f\u00eates de fin d'ann\u00e9e\n Cr\u00e9er\n Coudre,broder,tisser\n C\u00e9l\u00e9brer le retour de la lumi\u00e8re (21\/12\/21)\n Partager la joie d'\u00eatre ensemble\nPuissiez-vous accueillir chaque instant pr\u00e9sent comme un cadeau pr\u00e9cieux \" class=\"wp-image-5196\" srcset=\"https:\/\/atelierlescolibris.com\/wp-content\/uploads\/2021\/12\/IMG-20211209-WA0000-300x187.jpg 300w, https:\/\/atelierlescolibris.com\/wp-content\/uploads\/2021\/12\/IMG-20211209-WA0000-1024x640.jpg 1024w, https:\/\/atelierlescolibris.com\/wp-content\/uploads\/2021\/12\/IMG-20211209-WA0000-768x480.jpg 768w, https:\/\/atelierlescolibris.com\/wp-content\/uploads\/2021\/12\/IMG-20211209-WA0000-1536x960.jpg 1536w, https:\/\/atelierlescolibris.com\/wp-content\/uploads\/2021\/12\/IMG-20211209-WA0000.jpg 1599w\" sizes=\"auto, (max-width: 300px) 100vw, 300px\" \/><figcaption>[PAUSE HIVERNALE]<img loading=\"lazy\" decoding=\"async\" width=\"16\" height=\"16\" src=\"https:\/\/static.xx.fbcdn.net\/images\/emoji.php\/v9\/t2e\/1\/16\/2744.png\" alt=\"\u2744\ufe0f\"><br><img loading=\"lazy\" decoding=\"async\" width=\"16\" height=\"16\" src=\"https:\/\/static.xx.fbcdn.net\/images\/emoji.php\/v9\/tea\/1\/16\/1f332.png\" alt=\"\ud83c\udf32\"> WINTER BREAK<br>Ici les montagnes enfilent leurs grand manteaux blancs<br>Suite aux derni\u00e8res annonces gouvernementales, les ateliers sont r\u00e9duis \u00e0 6 personnes jusqu&rsquo;\u00e0 l&rsquo;apaisement sanitaire<br>Merci de votre compr\u00e9hension<br><br><img loading=\"lazy\" decoding=\"async\" width=\"16\" height=\"16\" src=\"https:\/\/static.xx.fbcdn.net\/images\/emoji.php\/v9\/t9e\/1\/16\/27a1.png\" alt=\"\u27a1\ufe0f\"> Cr\u00e9er<br><img loading=\"lazy\" decoding=\"async\" width=\"16\" height=\"16\" src=\"https:\/\/static.xx.fbcdn.net\/images\/emoji.php\/v9\/t9e\/1\/16\/27a1.png\" alt=\"\u27a1\ufe0f\"> Coudre,broder,tisser<br><img loading=\"lazy\" decoding=\"async\" width=\"16\" height=\"16\" src=\"https:\/\/static.xx.fbcdn.net\/images\/emoji.php\/v9\/t9e\/1\/16\/27a1.png\" alt=\"\u27a1\ufe0f\"> C\u00e9l\u00e9brer le retour de la lumi\u00e8re (21\/12\/21)<br><img loading=\"lazy\" decoding=\"async\" width=\"16\" height=\"16\" src=\"https:\/\/static.xx.fbcdn.net\/images\/emoji.php\/v9\/t9e\/1\/16\/27a1.png\" alt=\"\u27a1\ufe0f\"> Partager la joie d&rsquo;\u00eatre ensemble<br>Puissiez-vous accueillir chaque instant pr\u00e9sent comme un cadeau pr\u00e9cieux <img loading=\"lazy\" decoding=\"async\" width=\"16\" height=\"16\" src=\"https:\/\/static.xx.fbcdn.net\/images\/emoji.php\/v9\/t80\/1\/16\/1f64f.png\" alt=\"\ud83d\ude4f\"><br><\/figcaption><\/figure><\/div>\n\n\n\n<div class=\"wp-block-columns is-layout-flex wp-container-core-columns-is-layout-9d6595d7 wp-block-columns-is-layout-flex\">\n<div class=\"wp-block-column is-layout-flow wp-block-column-is-layout-flow\">\n<div class=\"wp-block-image icon-style is-style-rounded\"><figure class=\"aligncenter size-large\"><img loading=\"lazy\" decoding=\"async\" width=\"1024\" height=\"1024\" src=\"https:\/\/atelierlescolibris.com\/wp-content\/uploads\/2021\/10\/stage-art-textile-2021-1024x1024.jpg\" alt=\"stage-art-textile-isere-monestier-de-clermont\" class=\"wp-image-5047\" title=\"\" srcset=\"https:\/\/atelierlescolibris.com\/wp-content\/uploads\/2021\/10\/stage-art-textile-2021-1024x1024.jpg 1024w, https:\/\/atelierlescolibris.com\/wp-content\/uploads\/2021\/10\/stage-art-textile-2021-300x300.jpg 300w, https:\/\/atelierlescolibris.com\/wp-content\/uploads\/2021\/10\/stage-art-textile-2021-150x150.jpg 150w, https:\/\/atelierlescolibris.com\/wp-content\/uploads\/2021\/10\/stage-art-textile-2021-768x768.jpg 768w, https:\/\/atelierlescolibris.com\/wp-content\/uploads\/2021\/10\/stage-art-textile-2021.jpg 1080w\" sizes=\"auto, (max-width: 1024px) 100vw, 1024px\" \/><\/figure><\/div>\n\n\n\n<h3 class=\"has-text-align-center has-text-color wp-block-heading\" id=\"art-textile\" style=\"color:#6abdde\">ART TEXTILE<\/h3>\n\n\n\n<p class=\"has-text-align-center\"><\/p>\n\n\n\n<div style=\"height:20px\" aria-hidden=\"true\" class=\"wp-block-spacer\"><\/div>\n<\/div>\n\n\n\n<div class=\"wp-block-column is-layout-flow wp-block-column-is-layout-flow\">\n<div class=\"wp-block-image icon-style is-style-rounded\"><figure class=\"aligncenter size-full\"><img loading=\"lazy\" decoding=\"async\" width=\"940\" height=\"788\" src=\"https:\/\/atelierlescolibris.com\/wp-content\/uploads\/2021\/06\/presentation-cours-dart-textile.jpg\" alt=\"art-textile-cours-allevard-isere\" class=\"wp-image-4496\" srcset=\"https:\/\/atelierlescolibris.com\/wp-content\/uploads\/2021\/06\/presentation-cours-dart-textile.jpg 940w, https:\/\/atelierlescolibris.com\/wp-content\/uploads\/2021\/06\/presentation-cours-dart-textile-300x251.jpg 300w, https:\/\/atelierlescolibris.com\/wp-content\/uploads\/2021\/06\/presentation-cours-dart-textile-768x644.jpg 768w\" sizes=\"auto, (max-width: 940px) 100vw, 940px\" \/><\/figure><\/div>\n\n\n\n<h3 class=\"has-text-align-center has-text-color wp-block-heading\" id=\"couture\" style=\"color:#6abdde\">COUTURE<\/h3>\n\n\n\n<p class=\"has-text-align-center\">.<\/p>\n\n\n\n<div style=\"height:20px\" aria-hidden=\"true\" class=\"wp-block-spacer\"><\/div>\n<\/div>\n\n\n\n<div class=\"wp-block-column is-layout-flow wp-block-column-is-layout-flow\">\n<div class=\"wp-block-image icon-style is-style-rounded\"><figure class=\"aligncenter size-large\"><img loading=\"lazy\" decoding=\"async\" width=\"1024\" height=\"1024\" src=\"https:\/\/atelierlescolibris.com\/wp-content\/uploads\/2021\/10\/stage-couture-et-patronage-2021-1024x1024.jpg\" alt=\"stage-cours-de-couture-isere-monestier-de-clermont\" class=\"wp-image-5048\" srcset=\"https:\/\/atelierlescolibris.com\/wp-content\/uploads\/2021\/10\/stage-couture-et-patronage-2021-1024x1024.jpg 1024w, https:\/\/atelierlescolibris.com\/wp-content\/uploads\/2021\/10\/stage-couture-et-patronage-2021-300x300.jpg 300w, https:\/\/atelierlescolibris.com\/wp-content\/uploads\/2021\/10\/stage-couture-et-patronage-2021-150x150.jpg 150w, https:\/\/atelierlescolibris.com\/wp-content\/uploads\/2021\/10\/stage-couture-et-patronage-2021-768x768.jpg 768w, https:\/\/atelierlescolibris.com\/wp-content\/uploads\/2021\/10\/stage-couture-et-patronage-2021.jpg 1080w\" sizes=\"auto, (max-width: 1024px) 100vw, 1024px\" \/><\/figure><\/div>\n\n\n\n<h3 class=\"has-text-align-center has-text-color wp-block-heading\" id=\"patronage\" style=\"color:#6abdde\">PATRONAGE<\/h3>\n\n\n\n<p class=\"has-text-align-center\"><\/p>\n\n\n\n<div style=\"height:20px\" aria-hidden=\"true\" class=\"wp-block-spacer\"><\/div>\n<\/div>\n<\/div>\n\n\n\n<div class=\"wp-block-cover alignfull is-light\" style=\"min-height:600px;aspect-ratio:unset;\"><span aria-hidden=\"true\" class=\"has-background-dim-100 wp-block-cover__gradient-background has-background-dim\" style=\"background-color:#6abdde\"><\/span><div class=\"wp-block-cover__inner-container is-layout-flow wp-block-cover-is-layout-flow\">\n<div class=\"wp-block-group\"><div class=\"wp-block-group__inner-container is-layout-flow wp-block-group-is-layout-flow\">\n<div class=\"wp-block-columns are-vertically-aligned-center is-layout-flex wp-container-core-columns-is-layout-9d6595d7 wp-block-columns-is-layout-flex\">\n<div class=\"wp-block-column is-vertically-aligned-center is-layout-flow wp-block-column-is-layout-flow\" style=\"flex-basis:50%\">\n<figure class=\"wp-block-image size-large\"><img loading=\"lazy\" decoding=\"async\" width=\"724\" height=\"1024\" src=\"https:\/\/atelierlescolibris.com\/wp-content\/uploads\/2021\/12\/HORAIRES-ATELIER-2022-724x1024.jpg\" alt=\"horaires ouverture de l'atelier les colibris\" class=\"wp-image-5301\" srcset=\"https:\/\/atelierlescolibris.com\/wp-content\/uploads\/2021\/12\/HORAIRES-ATELIER-2022-724x1024.jpg 724w, https:\/\/atelierlescolibris.com\/wp-content\/uploads\/2021\/12\/HORAIRES-ATELIER-2022-212x300.jpg 212w, https:\/\/atelierlescolibris.com\/wp-content\/uploads\/2021\/12\/HORAIRES-ATELIER-2022-768x1086.jpg 768w, https:\/\/atelierlescolibris.com\/wp-content\/uploads\/2021\/12\/HORAIRES-ATELIER-2022-1086x1536.jpg 1086w, https:\/\/atelierlescolibris.com\/wp-content\/uploads\/2021\/12\/HORAIRES-ATELIER-2022-1448x2048.jpg 1448w, https:\/\/atelierlescolibris.com\/wp-content\/uploads\/2021\/12\/HORAIRES-ATELIER-2022.jpg 1587w\" sizes=\"auto, (max-width: 724px) 100vw, 724px\" \/><\/figure>\n<\/div>\n\n\n\n<div class=\"wp-block-column is-vertically-aligned-center is-layout-flow wp-block-column-is-layout-flow\" style=\"flex-basis:50%\">\n<div style=\"height:40px\" aria-hidden=\"true\" class=\"wp-block-spacer\"><\/div>\n\n\n\n<div class=\"wp-block-buttons is-horizontal is-content-justification-left is-layout-flex wp-container-core-buttons-is-layout-7e5fce0a wp-block-buttons-is-layout-flex\">\n<div class=\"wp-block-button is-style-primary\"><a class=\"wp-block-button__link\" href=\"https:\/\/atelierlescolibris.com\/index.php\/agenda\/\" target=\"_blank\" rel=\"noreferrer noopener\">+ infos STAGE<\/a><\/div>\n<\/div>\n<\/div>\n<\/div>\n<\/div><\/div>\n<\/div><\/div>\n\n\n\n<div class=\"wp-block-cover alignfull is-light is-layout-flow wp-block-cover-is-layout-flow\" style=\"min-height:420px;aspect-ratio:unset;\"><span aria-hidden=\"true\" class=\"has-nv-light-bg-background-color wp-block-cover__gradient-background has-background-dim\"><\/span><img loading=\"lazy\" decoding=\"async\" width=\"1366\" height=\"768\" class=\"wp-block-cover__image-background wp-image-109\" alt=\"\" src=\"https:\/\/atelierlescolibris.com\/wp-content\/uploads\/2020\/07\/web-design-studio-01.jpg.jpg\" data-object-fit=\"cover\"\/><div class=\"wp-block-cover__inner-container\"><\/div><\/div>\n\n\n\n<div class=\"wp-block-columns alignfull are-vertically-aligned-center is-layout-flex wp-container-core-columns-is-layout-9d6595d7 wp-block-columns-is-layout-flex\">\n<div class=\"wp-block-column is-layout-flow wp-block-column-is-layout-flow\">\n<p>L&rsquo;atelier les colibris est situ\u00e9 au c\u0153ur d&rsquo;un village de montagne du Tri\u00e8ves (Is\u00e8re)<\/p>\n<\/div>\n<\/div>\n","protected":false},"excerpt":{"rendered":"<p>ART TEXTILE COUTURE . PATRONAGE L&rsquo;atelier les colibris est situ\u00e9 au c\u0153ur d&rsquo;un village de montagne du Tri\u00e8ves (Is\u00e8re)<\/p>\n","protected":false},"author":1,"featured_media":4676,"parent":0,"menu_order":0,"comment_status":"closed","ping_status":"closed","template":"","meta":{"_ti_tpc_template_sync":false,"_ti_tpc_template_id":"cwhkd9lki581rusuhjti","footnotes":""},"class_list":["post-5","page","type-page","status-publish","has-post-thumbnail","hentry"],"_links":{"self":[{"href":"https:\/\/atelierlescolibris.com\/index.php\/wp-json\/wp\/v2\/pages\/5","targetHints":{"allow":["GET"]}}],"collection":[{"href":"https:\/\/atelierlescolibris.com\/index.php\/wp-json\/wp\/v2\/pages"}],"about":[{"href":"https:\/\/atelierlescolibris.com\/index.php\/wp-json\/wp\/v2\/types\/page"}],"author":[{"embeddable":true,"href":"https:\/\/atelierlescolibris.com\/index.php\/wp-json\/wp\/v2\/users\/1"}],"replies":[{"embeddable":true,"href":"https:\/\/atelierlescolibris.com\/index.php\/wp-json\/wp\/v2\/comments?post=5"}],"version-history":[{"count":89,"href":"https:\/\/atelierlescolibris.com\/index.php\/wp-json\/wp\/v2\/pages\/5\/revisions"}],"predecessor-version":[{"id":5329,"href":"https:\/\/atelierlescolibris.com\/index.php\/wp-json\/wp\/v2\/pages\/5\/revisions\/5329"}],"wp:featuredmedia":[{"embeddable":true,"href":"https:\/\/atelierlescolibris.com\/index.php\/wp-json\/wp\/v2\/media\/4676"}],"wp:attachment":[{"href":"https:\/\/atelierlescolibris.com\/index.php\/wp-json\/wp\/v2\/media?parent=5"}],"curies":[{"name":"wp","href":"https:\/\/api.w.org\/{rel}","templated":true}]}}