{"id":4558,"date":"2021-08-30T18:45:01","date_gmt":"2021-08-30T16:45:01","guid":{"rendered":"https:\/\/atelierlescolibris.com\/?page_id=4558"},"modified":"2024-06-13T21:55:55","modified_gmt":"2024-06-13T19:55:55","slug":"art-textile-cours-de-couture-patronage-monestier-de-clermont-allevard-isere-trieves-july-toujan","status":"publish","type":"page","link":"https:\/\/atelierlescolibris.com\/index.php\/art-textile-cours-de-couture-patronage-monestier-de-clermont-allevard-isere-trieves-july-toujan\/","title":{"rendered":"ART TEXTILE"},"content":{"rendered":"\n<figure class=\"wp-block-image size-full\"><img loading=\"lazy\" decoding=\"async\" width=\"940\" height=\"788\" src=\"https:\/\/atelierlescolibris.com\/wp-content\/uploads\/2021\/06\/presentation-cours-dart-textile.jpg\" alt=\"art-textile-cours-allevard-isere\" class=\"wp-image-4496\" srcset=\"https:\/\/atelierlescolibris.com\/wp-content\/uploads\/2021\/06\/presentation-cours-dart-textile.jpg 940w, https:\/\/atelierlescolibris.com\/wp-content\/uploads\/2021\/06\/presentation-cours-dart-textile-300x251.jpg 300w, https:\/\/atelierlescolibris.com\/wp-content\/uploads\/2021\/06\/presentation-cours-dart-textile-768x644.jpg 768w\" sizes=\"auto, (max-width: 940px) 100vw, 940px\" \/><\/figure>\n\n\n\n<p>Passionn\u00e9e par l\u2019art textile (couture, broderie, tissage, peinture) et sa transmission, July vous propose cette ann\u00e9e de rejoindre ses stages, afin de laisser \u00e9merger votre cr\u00e9ativit\u00e9. Que ce soit \u00e0 la main ou \u00e0 la machine ! Venez aborder la technique par l\u2019imaginaire et apprendre \u00e0 jouer avec la mati\u00e8re<\/p>\n\n\n\n<p>Au programme de la sculpture textile dite sculpture molle, de la broderie contemporaine, du dessin au fil, de la peinture \u00e0 l\u2019aiguille, des tableaux textiles et toutes les techniques de piqu\u00e9 libre, superposition et collage<\/p>\n\n\n\n<p><\/p>\n\n\n\n<p>Je suis actuellement en r\u00e9sidence artistique pour pr\u00e9parer une exposition en 2025<\/p>\n\n\n\n<p>Costume du Carnaval V\u00e9nitien<\/p>\n\n\n\n<figure class=\"wp-block-image size-full\"><img loading=\"lazy\" decoding=\"async\" width=\"600\" height=\"399\" src=\"https:\/\/atelierlescolibris.com\/wp-content\/uploads\/2021\/12\/damien-bernard-carnaval-venitien-annecy-2017-00001.jpg\" alt=\"carnaval-venitien-annecy-2022\" class=\"wp-image-5230\" srcset=\"https:\/\/atelierlescolibris.com\/wp-content\/uploads\/2021\/12\/damien-bernard-carnaval-venitien-annecy-2017-00001.jpg 600w, https:\/\/atelierlescolibris.com\/wp-content\/uploads\/2021\/12\/damien-bernard-carnaval-venitien-annecy-2017-00001-300x200.jpg 300w\" sizes=\"auto, (max-width: 600px) 100vw, 600px\" \/><figcaption class=\"wp-element-caption\">stage art textile 2022<\/figcaption><\/figure>\n\n\n\n<h2 class=\"wp-block-heading\">A ALLEVARD<\/h2>\n\n\n\n<p>2021-2022 Ecole de arts- cours adulte &amp; enfants<\/p>\n\n\n\n<p>2024-2025 en cours de projet<\/p>\n\n\n\n<h2 class=\"wp-block-heading\">A Sinard<\/h2>\n\n\n\n<p>2024-2025 La maisou de Sinard<\/p>\n\n\n\n<p>le samedi \/tarif : 80 \u20ac \/ 10h-17h \/ 8 personnes max<\/p>\n\n\n\n<p>engagement \u00e0 la carte ou au trimestre, tarif : 80 \u20ac la journ\u00e9e sans mat\u00e9riel compris<\/p>\n\n\n\n<ul class=\"wp-block-list\">\n<li>ART TEXTILE avec th\u00e9matique<\/li>\n<\/ul>\n","protected":false},"excerpt":{"rendered":"<p>Passionn\u00e9e par l\u2019art textile (couture, broderie, tissage, peinture) et sa transmission, July vous propose cette ann\u00e9e de rejoindre ses stages, afin de laisser \u00e9merger votre cr\u00e9ativit\u00e9. Que ce soit \u00e0 &hellip; <\/p>\n","protected":false},"author":1,"featured_media":4496,"parent":0,"menu_order":0,"comment_status":"closed","ping_status":"closed","template":"","meta":{"_ti_tpc_template_sync":false,"_ti_tpc_template_id":"","footnotes":""},"class_list":["post-4558","page","type-page","status-publish","has-post-thumbnail","hentry"],"_links":{"self":[{"href":"https:\/\/atelierlescolibris.com\/index.php\/wp-json\/wp\/v2\/pages\/4558","targetHints":{"allow":["GET"]}}],"collection":[{"href":"https:\/\/atelierlescolibris.com\/index.php\/wp-json\/wp\/v2\/pages"}],"about":[{"href":"https:\/\/atelierlescolibris.com\/index.php\/wp-json\/wp\/v2\/types\/page"}],"author":[{"embeddable":true,"href":"https:\/\/atelierlescolibris.com\/index.php\/wp-json\/wp\/v2\/users\/1"}],"replies":[{"embeddable":true,"href":"https:\/\/atelierlescolibris.com\/index.php\/wp-json\/wp\/v2\/comments?post=4558"}],"version-history":[{"count":18,"href":"https:\/\/atelierlescolibris.com\/index.php\/wp-json\/wp\/v2\/pages\/4558\/revisions"}],"predecessor-version":[{"id":5605,"href":"https:\/\/atelierlescolibris.com\/index.php\/wp-json\/wp\/v2\/pages\/4558\/revisions\/5605"}],"wp:featuredmedia":[{"embeddable":true,"href":"https:\/\/atelierlescolibris.com\/index.php\/wp-json\/wp\/v2\/media\/4496"}],"wp:attachment":[{"href":"https:\/\/atelierlescolibris.com\/index.php\/wp-json\/wp\/v2\/media?parent=4558"}],"curies":[{"name":"wp","href":"https:\/\/api.w.org\/{rel}","templated":true}]}}