{"id":4438,"date":"2021-05-25T22:18:20","date_gmt":"2021-05-25T20:18:20","guid":{"rendered":"https:\/\/atelierlescolibris.com\/?page_id=4438"},"modified":"2022-10-03T23:05:52","modified_gmt":"2022-10-03T21:05:52","slug":"creation-textile","status":"publish","type":"page","link":"https:\/\/atelierlescolibris.com\/index.php\/creation-textile\/","title":{"rendered":"Cr\u00e9ation Textile"},"content":{"rendered":"\n<figure class=\"wp-block-image size-large\"><img loading=\"lazy\" decoding=\"async\" width=\"724\" height=\"1024\" src=\"https:\/\/atelierlescolibris.com\/wp-content\/uploads\/2021\/05\/CV-July-Toujan-724x1024.jpg\" alt=\"watsu-jansu-atma-soin-massage-aquatique-seyssinet-isere-aquazen\" class=\"wp-image-4444\" srcset=\"https:\/\/atelierlescolibris.com\/wp-content\/uploads\/2021\/05\/CV-July-Toujan-724x1024.jpg 724w, https:\/\/atelierlescolibris.com\/wp-content\/uploads\/2021\/05\/CV-July-Toujan-212x300.jpg 212w, https:\/\/atelierlescolibris.com\/wp-content\/uploads\/2021\/05\/CV-July-Toujan-768x1086.jpg 768w, https:\/\/atelierlescolibris.com\/wp-content\/uploads\/2021\/05\/CV-July-Toujan-1086x1536.jpg 1086w, https:\/\/atelierlescolibris.com\/wp-content\/uploads\/2021\/05\/CV-July-Toujan.jpg 1414w\" sizes=\"auto, (max-width: 724px) 100vw, 724px\" \/><\/figure>\n\n\n\n<figure class=\"wp-block-image size-large\"><img loading=\"lazy\" decoding=\"async\" width=\"940\" height=\"788\" src=\"https:\/\/atelierlescolibris.com\/wp-content\/uploads\/2021\/06\/presentation-cours-dart-textile.jpg\" alt=\"\" class=\"wp-image-4496\" srcset=\"https:\/\/atelierlescolibris.com\/wp-content\/uploads\/2021\/06\/presentation-cours-dart-textile.jpg 940w, https:\/\/atelierlescolibris.com\/wp-content\/uploads\/2021\/06\/presentation-cours-dart-textile-300x251.jpg 300w, https:\/\/atelierlescolibris.com\/wp-content\/uploads\/2021\/06\/presentation-cours-dart-textile-768x644.jpg 768w\" sizes=\"auto, (max-width: 940px) 100vw, 940px\" \/><figcaption>Je me r\u00e9jouis d&rsquo;avoir rejoins l\u2019\u00e9quipe de l\u2019\u00e9cole des arts d&rsquo;Allevard ! MERSEA !2021-2022<br>Cours enfants\/ados\/adultes <br>Passionn\u00e9e par l\u2019art textile (couture, broderie, tissage, peinture) et sa transmission, July vous propose cette ann\u00e9e de rejoindre ses cours, afin de laisser \u00e9merger votre cr\u00e9ativit\u00e9. Que ce soit \u00e0 la main ou \u00e0 la machine ! Venez aborder la technique par l\u2019imaginaire et apprendre \u00e0 jouer avec la mati\u00e8re<br><\/figcaption><\/figure>\n\n\n\n<h1 class=\"wp-block-heading\"><strong>lien vers mes cr\u00e9ations au fil du temps<\/strong><\/h1>\n\n\n\n<p>EN COURS DE CONSTRUCTION<\/p>\n\n\n\n<p>MAGICIEN \/ ILLUSIONNISTE<\/p>\n\n\n\n<p>SPECTACLE DE RUE\/ ACROBATE<\/p>\n\n\n\n<p>COSTUMES DE SC\u00c8NE<\/p>\n\n\n\n<p>Th\u00e9\u00e2tre de MARIONNETTES \u2013 JEUNE PUBLIC (A PARTIR DE 6 ANS)<br>Inspir\u00e9 de l\u2019oeuvre de l\u2019illustratrice jeunesse Emmanuelle Houdart<br>CR\u00c9ATION 2008  <a rel=\"noreferrer noopener\" href=\"https:\/\/lesnoodles.wordpress.com\/meme-pas-peur\/\" target=\"_blank\">https:\/\/lesnoodles.wordpress.com\/meme-pas-peur\/<\/a><\/p>\n\n\n\n<p><\/p>\n\n\n\n<ul class=\"wp-block-list\"><li><\/li><li>Atelier Marianne <\/li><li>Le Big Ukul\u00e9l\u00e9 Syndicate <a rel=\"noreferrer noopener\" href=\"http:\/\/www.cieintermezzo.com\/\" target=\"_blank\">Cie Intermezzo<\/a><\/li><li> LE PETIT CHAPERON UF \u2013 th\u00e9\u00e2tre jeune public de Jean-Claude Grumberg \u2013 Mise en sc\u00e8ne Mohamed Boumeghra \/ Cie Sud Est Th\u00e9\u00e2tre  \u2013 2007\/2011<\/li><li>LE JOURNAL DE GROSSE PATATE \u2013 th\u00e9\u00e2tre jeune public de Dominique Richard \u2013 Mise en sc\u00e8ne Mohamed Boumeghra \/ Cie Sud Est Th\u00e9\u00e2tre  \u2013 2008\/2010<\/li><li>ON N\u2019EST PAS CELEBRES, ON EST MEME LE CONTRAIRE \u2013 d\u2019apr\u00e8s Jean-Michel Ribes \u2013 Mise en sc\u00e8ne Mohamed Boumeghra \/ Cie Sud Est Th\u00e9\u00e2tre \u20132008\/2010<\/li><li>L\u2019INSPECTEUR T \u2013 th\u00e9\u00e2tre jeune public de Pierre Gripari \u2013 Mise en sc\u00e8ne Mohamed Boumeghra \/ Cie Sud Est Th\u00e9\u00e2tre \u2013 2007\/2008<\/li><\/ul>\n\n\n\n<figure class=\"wp-block-image size-full\"><img loading=\"lazy\" decoding=\"async\" width=\"1000\" height=\"667\" src=\"https:\/\/atelierlescolibris.com\/wp-content\/uploads\/2020\/03\/cours-de-couture-robe-de-mari\u00e9e-coupe-en-un-morceau-july-toujan.jpg\" alt=\"cours-de-couture-robe-de-mari\u00e9e-coupe-en-un-morceau-july-toujan.jpg\" class=\"wp-image-3269\" srcset=\"https:\/\/atelierlescolibris.com\/wp-content\/uploads\/2020\/03\/cours-de-couture-robe-de-mari\u00e9e-coupe-en-un-morceau-july-toujan.jpg 1000w, https:\/\/atelierlescolibris.com\/wp-content\/uploads\/2020\/03\/cours-de-couture-robe-de-mari\u00e9e-coupe-en-un-morceau-july-toujan-300x200.jpg 300w, https:\/\/atelierlescolibris.com\/wp-content\/uploads\/2020\/03\/cours-de-couture-robe-de-mari\u00e9e-coupe-en-un-morceau-july-toujan-768x512.jpg 768w\" sizes=\"auto, (max-width: 1000px) 100vw, 1000px\" \/><\/figure>\n\n\n\n<p>MARIAGE<\/p>\n\n\n\n<p>STYLISME \/ MODE<\/p>\n\n\n\n<p>ART TEXTILE<\/p>\n\n\n\n<p><\/p>\n\n\n\n<p><\/p>\n\n\n\n<p><\/p>\n\n\n\n<p><\/p>\n","protected":false},"excerpt":{"rendered":"<p>lien vers mes cr\u00e9ations au fil du temps EN COURS DE CONSTRUCTION MAGICIEN \/ ILLUSIONNISTE SPECTACLE DE RUE\/ ACROBATE COSTUMES DE SC\u00c8NE Th\u00e9\u00e2tre de MARIONNETTES \u2013 JEUNE PUBLIC (A PARTIR &hellip; <\/p>\n","protected":false},"author":1,"featured_media":3269,"parent":0,"menu_order":0,"comment_status":"closed","ping_status":"closed","template":"","meta":{"_ti_tpc_template_sync":false,"_ti_tpc_template_id":"","footnotes":""},"class_list":["post-4438","page","type-page","status-publish","has-post-thumbnail","hentry"],"_links":{"self":[{"href":"https:\/\/atelierlescolibris.com\/index.php\/wp-json\/wp\/v2\/pages\/4438","targetHints":{"allow":["GET"]}}],"collection":[{"href":"https:\/\/atelierlescolibris.com\/index.php\/wp-json\/wp\/v2\/pages"}],"about":[{"href":"https:\/\/atelierlescolibris.com\/index.php\/wp-json\/wp\/v2\/types\/page"}],"author":[{"embeddable":true,"href":"https:\/\/atelierlescolibris.com\/index.php\/wp-json\/wp\/v2\/users\/1"}],"replies":[{"embeddable":true,"href":"https:\/\/atelierlescolibris.com\/index.php\/wp-json\/wp\/v2\/comments?post=4438"}],"version-history":[{"count":15,"href":"https:\/\/atelierlescolibris.com\/index.php\/wp-json\/wp\/v2\/pages\/4438\/revisions"}],"predecessor-version":[{"id":5506,"href":"https:\/\/atelierlescolibris.com\/index.php\/wp-json\/wp\/v2\/pages\/4438\/revisions\/5506"}],"wp:featuredmedia":[{"embeddable":true,"href":"https:\/\/atelierlescolibris.com\/index.php\/wp-json\/wp\/v2\/media\/3269"}],"wp:attachment":[{"href":"https:\/\/atelierlescolibris.com\/index.php\/wp-json\/wp\/v2\/media?parent=4438"}],"curies":[{"name":"wp","href":"https:\/\/api.w.org\/{rel}","templated":true}]}}