{"id":4007,"date":"2020-11-03T14:19:38","date_gmt":"2020-11-03T13:19:38","guid":{"rendered":"https:\/\/atelierlescolibris.com\/?page_id=4007"},"modified":"2021-12-31T18:38:01","modified_gmt":"2021-12-31T17:38:01","slug":"rituel-de-lune-soli_lunaire","status":"publish","type":"page","link":"https:\/\/atelierlescolibris.com\/index.php\/rituel-de-lune-soli_lunaire\/","title":{"rendered":"[MON ETOILE DANS LE CIEL]"},"content":{"rendered":"\n<h2 class=\"has-text-align-center wp-block-heading\">ASTRO-THERAPIE<\/h2>\n\n\n\n<h4 class=\"has-text-align-center wp-block-heading\"><a rel=\"noreferrer noopener\" aria-label=\"Astrologie humaniste appliqu\u00e9e\u00ae  et R\u00e9f\u00e9rentiel de Naissance\u00ae   \u2728 (s\u2019ouvre dans un nouvel onglet)\" href=\"https:\/\/atelierlescolibris.com\/index.php\/art-therapie-grenoble-therapie-aquatique-boutique-en-ligne-seances-art-therapie\/\" target=\"_blank\"><\/a><a rel=\"noreferrer noopener\" href=\"https:\/\/atelierlescolibris.com\/index.php\/art-therapie-grenoble-therapie-aquatique-boutique-en-ligne-seances-art-therapie\/\" target=\"_blank\">Astrologie humaniste appliqu\u00e9e\u00ae et R\u00e9f\u00e9rentiel de Naissance\u00ae \u2728<\/a><\/h4>\n\n\n\n<p><em>\u00ab&nbsp;Les \u00e9toiles du firmament n\u2019agissent ni sur toi ni sur moi, mais bien celles en dedans de nous.&nbsp;Le&nbsp;ciel externe ne fait que r\u00e9v\u00e9ler et indiquer le ciel interne&nbsp;\u00bb&nbsp;&nbsp;<br>Paracelse, 15\u00e8me si\u00e8cle<\/em><\/p>\n\n\n\n<p>L\u2019art- th\u00e9rapeute se sert de l&rsquo;astrologie humaniste, la lecture des \u00e9toiles comme les nomades les utilisaient, comme un guide sur le chemin\u2026de vie, comme une mise en pratique, sans oublier que ce guide ne remplace jamais le chemin \u00e0 accomplir. Cet accompagnement invite \u00e0 prendre conscience de votre personnalit\u00e9, de votre potentialit\u00e9 et de votre libert\u00e9 de choisir la fa\u00e7on de percevoir et de vivre chaque moment de votre vie avec intensit\u00e9.<\/p>\n\n\n\n<p>Face \u00e0 la souffrance, aux conflits, aux diff\u00e9rents carrefours de vie, cet outil aide \u00e0 d\u00e9nouer les blocages profonds, \u00e0 s\u2019accorder \u00e0 ses propres rythmes. C\u2019est un voyage int\u00e9rieur, pour apprendre ou r\u00e9 apprendre \u00e0 vous \u00e9couter, vous respecter, vous aimer, discerner vos attentes et r\u00e9v\u00e9ler votre potentiel de sens et de cr\u00e9ation.<\/p>\n\n\n\n<p><strong>Se conna\u00eetre, d\u00e9couvrir son potentiel, donner du sens \u00e0 sa vie<\/strong><\/p>\n\n\n\n<p><em>Je propose <strong>ses outils de connaissance de soi lors des s\u00e9ances d\u2019art-th\u00e9rapie<\/strong> en cabinet<\/em> <em>ou en balade cr\u00e9ative en foret<\/em>, en bassin d&rsquo;eau chaude lors des nouvelles lunaisons<\/p>\n\n\n\n<p><em><strong>Pas de consultation classique<\/strong> seulement vous permettre un dialogue&nbsp;avec le monde symbolique de votre identit\u00e9 cosmique &amp; c\u00e9leste<\/em><\/p>\n\n\n\n<p><em>A partir de vos questionnements, un symbole, un arcane peut vous permettre d\u2019ouvrir une porte de votre monde int\u00e9rieur dans l\u2019objectif de vous \u00e9clairer sur votre chemin. Ensuite vous continuez le processus avec des m\u00e9dias de la palette de l&rsquo;art-th\u00e9rapie. Cet accompagnement art-th\u00e9rapeutique permet un processus de transformation. Pour d\u00e9nouer un blocage, il n\u2019est pas n\u00e9cessaire de retrouver les faits, mais de lib\u00e9rer l\u2019\u00e9motion et de remplacer l\u2019ancien symbole ali\u00e9nant par un nouveau symbole r\u00e9parateur<\/em><\/p>\n\n\n\n<figure class=\"wp-block-image size-large\"><img loading=\"lazy\" decoding=\"async\" width=\"1024\" height=\"1024\" src=\"https:\/\/atelierlescolibris.com\/wp-content\/uploads\/2021\/12\/mon-etoile-dans-le-ciel-presentation-1024x1024.jpg\" alt=\"\" class=\"wp-image-5320\" srcset=\"https:\/\/atelierlescolibris.com\/wp-content\/uploads\/2021\/12\/mon-etoile-dans-le-ciel-presentation-1024x1024.jpg 1024w, https:\/\/atelierlescolibris.com\/wp-content\/uploads\/2021\/12\/mon-etoile-dans-le-ciel-presentation-300x300.jpg 300w, https:\/\/atelierlescolibris.com\/wp-content\/uploads\/2021\/12\/mon-etoile-dans-le-ciel-presentation-150x150.jpg 150w, https:\/\/atelierlescolibris.com\/wp-content\/uploads\/2021\/12\/mon-etoile-dans-le-ciel-presentation-768x768.jpg 768w, https:\/\/atelierlescolibris.com\/wp-content\/uploads\/2021\/12\/mon-etoile-dans-le-ciel-presentation.jpg 1080w\" sizes=\"auto, (max-width: 1024px) 100vw, 1024px\" \/><\/figure>\n\n\n\n<h2 class=\"wp-block-heading\">Atelier vibration Lunaire<\/h2>\n\n\n\n<p>cet atelier est d\u00e9di\u00e9 aux v\u0153ux de nouvelle lunaison entre femme et dans l\u2019eau chaude.<br>L\u2019eau et la lune arch\u00e9type f\u00e9minin nous accompagne au quotidien. Notre fa\u00e7on d\u2019\u00e9pouser ce qui est.<br>R\u00e9-apprendre \u00e0 connecter notre \u00ab lune \u00bb et retrouver fluidit\u00e9.<\/p>\n\n\n\n<p>Je vous invite \u00e0 l\u2019adapter en fonction des \u00e9nergies de la nouvelle lune en cours de lunaison,  le  travail est diff\u00e9rent quand la lune est en verseau ou en balance par exemple. <\/p>\n\n\n\n<p>Je vous accompagne chaque mois sur les \u00e9nergies de la nouvelle lune et de la pleine lune, avec  un guide pour m\u00e9diter et un exemple de rituel.<\/p>\n\n\n\n<p>C\u2019est le d\u00e9but d\u2019un<strong> nouveau cycle<\/strong>, c\u2019est donc le moment de faire le bilan sur le cycle qui vient de se termin\u00e9, de comprendre o\u00f9 l\u2019on en est et d\u2019exprimer ce que l\u2019on souhaite pour le prochain cycle.<\/p>\n\n\n\n<figure class=\"wp-block-image size-large\"><img loading=\"lazy\" decoding=\"async\" width=\"1024\" height=\"683\" src=\"https:\/\/atelierlescolibris.com\/wp-content\/uploads\/2020\/10\/woman-3084129_1920-Copie-1024x683.jpg\" alt=\"rituel-de-lune-soli-lunaire-astrologie-humaniste-art-therapie-isere-grenoble-montbonnot-july-toujan\" class=\"wp-image-3985\" srcset=\"https:\/\/atelierlescolibris.com\/wp-content\/uploads\/2020\/10\/woman-3084129_1920-Copie-1024x683.jpg 1024w, https:\/\/atelierlescolibris.com\/wp-content\/uploads\/2020\/10\/woman-3084129_1920-Copie-300x200.jpg 300w, https:\/\/atelierlescolibris.com\/wp-content\/uploads\/2020\/10\/woman-3084129_1920-Copie-768x512.jpg 768w, https:\/\/atelierlescolibris.com\/wp-content\/uploads\/2020\/10\/woman-3084129_1920-Copie-1536x1024.jpg 1536w, https:\/\/atelierlescolibris.com\/wp-content\/uploads\/2020\/10\/woman-3084129_1920-Copie.jpg 1920w\" sizes=\"auto, (max-width: 1024px) 100vw, 1024px\" \/><\/figure>\n\n\n\n<h2 class=\"wp-block-heading\">d\u00e9roulement<\/h2>\n\n\n\n<h3 class=\"wp-block-heading\"><strong>Purification<\/strong><\/h3>\n\n\n\n<p>Je vous invite \u00e0 vous <strong>purifier<\/strong> en prenant un bain\u00a0\u00bbtrempage\u00a0\u00bb dans le bassin d&rsquo;eau chaude d\u00e9di\u00e9 du cabinet d&rsquo;art-th\u00e9rapie aquazen<\/p>\n\n\n\n<p>Se laisser tremper un instant<\/p>\n\n\n\n<p>passer un moment tranquille et divin ressemble \u00e0 une sorte de trempage spirituel o\u00f9 les pens\u00e9es de peur qui s&rsquo;accrochent aux parois de notre esprit sont d\u00e9log\u00e9es, pour finalement se d\u00e9coller et disparaitre. Namast\u00e9 <\/p>\n\n\n\n<p>Tout en vous purifiant,  exprimer votre  intention \u00e0 partir des mots cl\u00e9s du signe dans lequel se trouve la nouvelle lune puis dans une danse aquatique avec vous-m\u00eame \u00e0 dialoguer avec qui vous \u00eates vraiment.<\/p>\n\n\n\n<p>Nous continuons par une m\u00e9ditation puis un atelier cr\u00e9atif pour clore le rituel.<\/p>\n\n\n\n<p><strong>M\u00e9ditation objectifs<\/strong> : prenez le temps de vous recentrer sur ce qui est important pour vous, sur les \u00e9nergies de la nouvelle lune, sur ce qu\u2019elle peut vous apporter et sur ce que vous pouvez apporter au monde.<\/p>\n\n\n\n<p>Respirez lentement, calmez votre esprit. Il n\u2019y a rien que vous ayez besoin de faire maintenant. Allez \u00e0 l\u2019int\u00e9rieur de vous dans votre espace int\u00e9rieur sacr\u00e9. Concentrez-vous sur vos souhaits et imaginez-les comme si vous les aviez d\u00e9j\u00e0 r\u00e9alis\u00e9s. Imaginez le probl\u00e8me r\u00e9solu<\/p>\n\n\n\n<h2 class=\"wp-block-heading\">Atelier d&rsquo;astro-th\u00e9rapie<\/h2>\n\n\n\n<p><img loading=\"lazy\" decoding=\"async\" alt=\"\u2728\" src=\"https:\/\/static.xx.fbcdn.net\/images\/emoji.php\/v9\/tf4\/1\/16\/2728.png\" width=\"16\" height=\"16\">Atelier d&rsquo;art-th\u00e9rapie : langage symbolique avec astrologie  et tarot humaniste<\/p>\n\n\n\n<p> A partir de votre th\u00e8me natal, je vous propose de dialoguer avec votre identit\u00e9 cosmique &amp; c\u00e9leste gr\u00e2ce \u00e0 une palette d&rsquo;art-th\u00e9rapie riche en couleur, en mot et en sensation !<img loading=\"lazy\" decoding=\"async\" alt=\"\ud83c\udf08\" src=\"https:\/\/static.xx.fbcdn.net\/images\/emoji.php\/v9\/t13\/1\/16\/1f308.png\" width=\"16\" height=\"16\"><\/p>\n\n\n\n<p>lieu pr\u00e8s de Grenoble , Montbonnot  ou Seyssinet ou Monestier de Clermont ou \u00e0 domicile<\/p>\n\n\n\n<p>r\u00e9servation : 0672921460<\/p>\n\n\n\n<p> retrouvez nos tarifs en cliquant sur ce<a rel=\"noreferrer noopener\" aria-label=\" lien (s\u2019ouvre dans un nouvel onglet)\" href=\"https:\/\/atelierlescolibris.com\/index.php\/art-therapie-grenoble-therapie-aquatique-boutique-en-ligne-seances-art-therapie\/\" target=\"_blank\"> lien<\/a> <\/p>\n","protected":false},"excerpt":{"rendered":"<p>ASTRO-THERAPIE Astrologie humaniste appliqu\u00e9e\u00ae et R\u00e9f\u00e9rentiel de Naissance\u00ae \u2728 \u00ab&nbsp;Les \u00e9toiles du firmament n\u2019agissent ni sur toi ni sur moi, mais bien celles en dedans de nous.&nbsp;Le&nbsp;ciel externe ne fait &hellip; <\/p>\n","protected":false},"author":1,"featured_media":0,"parent":0,"menu_order":0,"comment_status":"closed","ping_status":"closed","template":"","meta":{"_ti_tpc_template_sync":false,"_ti_tpc_template_id":"","footnotes":""},"class_list":["post-4007","page","type-page","status-publish","hentry"],"_links":{"self":[{"href":"https:\/\/atelierlescolibris.com\/index.php\/wp-json\/wp\/v2\/pages\/4007","targetHints":{"allow":["GET"]}}],"collection":[{"href":"https:\/\/atelierlescolibris.com\/index.php\/wp-json\/wp\/v2\/pages"}],"about":[{"href":"https:\/\/atelierlescolibris.com\/index.php\/wp-json\/wp\/v2\/types\/page"}],"author":[{"embeddable":true,"href":"https:\/\/atelierlescolibris.com\/index.php\/wp-json\/wp\/v2\/users\/1"}],"replies":[{"embeddable":true,"href":"https:\/\/atelierlescolibris.com\/index.php\/wp-json\/wp\/v2\/comments?post=4007"}],"version-history":[{"count":36,"href":"https:\/\/atelierlescolibris.com\/index.php\/wp-json\/wp\/v2\/pages\/4007\/revisions"}],"predecessor-version":[{"id":5323,"href":"https:\/\/atelierlescolibris.com\/index.php\/wp-json\/wp\/v2\/pages\/4007\/revisions\/5323"}],"wp:attachment":[{"href":"https:\/\/atelierlescolibris.com\/index.php\/wp-json\/wp\/v2\/media?parent=4007"}],"curies":[{"name":"wp","href":"https:\/\/api.w.org\/{rel}","templated":true}]}}