{"id":225,"date":"2022-10-03T22:22:00","date_gmt":"2022-10-03T20:22:00","guid":{"rendered":"http:\/\/atelierlescolibris.com\/?page_id=225"},"modified":"2025-09-13T17:58:14","modified_gmt":"2025-09-13T15:58:14","slug":"cours-de-couture-et-patronage-38650-isere-trieves","status":"publish","type":"page","link":"https:\/\/atelierlescolibris.com\/index.php\/cours-de-couture-et-patronage-38650-isere-trieves\/","title":{"rendered":"ANIMATION agenda"},"content":{"rendered":"\n<h2 class=\"wp-block-heading has-text-align-center\">BIENVENUE<\/h2>\n\n\n\n<p>Start &amp; Stop ! GO pour une ann\u00e9e 2025 qui nous invite \u00e0 \u00eatre dans le mouvement et la r\u00e9silience cr\u00e9ative<\/p>\n\n\n\n<p>Possibilit\u00e9 d&rsquo;accueillir le cours de couture chez vous entre copines !<\/p>\n\n\n\n<p>ou de rejoindre un cours collectif ( voir ci-dessous) <\/p>\n\n\n\n<p>ENVIE DE COUDRE VOTRE GARDE ROBE ? <\/p>\n\n\n\n<p>c&rsquo;est tous les mercredis  \u00e0 St Chamas ( 20 min de salon de Provence) pour les cours \u00e0 la soir\u00e9e, et en projet , un atelier hebdomadaire pour les enfants et les adultes.<br>Je me r\u00e9jouis de partager ces ateliers confectionn\u00e9s avec amour et partager avec vous ma passion !<\/p>\n\n\n\n<blockquote class=\"wp-block-quote is-layout-flow wp-block-quote-is-layout-flow\">\n<p> laisser \u00e9merger votre cr\u00e9ativit\u00e9. Que ce soit \u00e0 la main ou \u00e0 la machine ! Venez aborder la technique par l\u2019imaginaire et apprendre \u00e0 jouer avec la mati\u00e8re<\/p>\n<\/blockquote>\n\n\n\n<figure class=\"wp-block-image size-large\"><img loading=\"lazy\" decoding=\"async\" width=\"1024\" height=\"1024\" src=\"https:\/\/atelierlescolibris.com\/wp-content\/uploads\/2025\/09\/patronage-st-chamas-2025-1024x1024.jpg\" alt=\"atelier-saint-chamas-mercredi\" class=\"wp-image-5640\" srcset=\"https:\/\/atelierlescolibris.com\/wp-content\/uploads\/2025\/09\/patronage-st-chamas-2025-1024x1024.jpg 1024w, https:\/\/atelierlescolibris.com\/wp-content\/uploads\/2025\/09\/patronage-st-chamas-2025-300x300.jpg 300w, https:\/\/atelierlescolibris.com\/wp-content\/uploads\/2025\/09\/patronage-st-chamas-2025-150x150.jpg 150w, https:\/\/atelierlescolibris.com\/wp-content\/uploads\/2025\/09\/patronage-st-chamas-2025-768x768.jpg 768w, https:\/\/atelierlescolibris.com\/wp-content\/uploads\/2025\/09\/patronage-st-chamas-2025-60x60.jpg 60w, https:\/\/atelierlescolibris.com\/wp-content\/uploads\/2025\/09\/patronage-st-chamas-2025.jpg 1080w\" sizes=\"auto, (max-width: 1024px) 100vw, 1024px\" \/><figcaption class=\"wp-element-caption\">atelier couture &#038; patronage \u00e0 saint chamas<\/figcaption><\/figure>\n\n\n\n<p>Que vous soyez d\u00e9butant ou confirm\u00e9 !<\/p>\n\n\n\n<p>Buste, manche, pantalon, jupe, robe de base <\/p>\n\n\n\n<p>Mesures Patronage \/moulage Couture<\/p>\n\n\n\n<p> Finitions \/ essayage <\/p>\n\n\n\n<p>Apprendre \u00e0 lire un patron <\/p>\n\n\n\n<p>Adapter \u00e0 vos mesures <\/p>\n\n\n\n<p>Transformer un patron\/un v\u00eatement <\/p>\n\n\n\n<p>Apprentissage machine \u00e0 coudre, broder et surjeter<\/p>\n\n\n\n<p>Vous y trouverez tous les ingr\u00e9dients pour r\u00e9ussir vos cr\u00e9ations <img loading=\"lazy\" decoding=\"async\" alt=\"\u2728\" src=\"https:\/\/static.xx.fbcdn.net\/images\/emoji.php\/v9\/tf4\/1\/16\/2728.png\" width=\"16\" height=\"16\"><\/p>\n\n\n\n<p>A vous de jouer !<\/p>\n\n\n\n<p><\/p>\n\n\n\n<h5 class=\"wp-block-heading\">DEVIS :   avec programme \u00e0 la carte en fonction de votre demande (voir ci-dessous le programme en d\u00e9tail)<\/h5>\n\n\n\n<ul class=\"wp-block-list\">\n<li> cours \u00e0 domicile en individuel  1H \/50 H<\/li>\n\n\n\n<li>cours \u00e0 domicile en individuel 3 H \/ 120 \u20ac<\/li>\n\n\n\n<li>cours \u00e0 domicile en individuel 6 H \/200 \u20ac puis prix d\u00e9gressifs<\/li>\n\n\n\n<li>cours de couture possible en groupe m\u00eame tarif \u00e0 vous partager<\/li>\n\n\n\n<li>initiation et prise en main machine \u00e0 coudre ( toutes marques), brodeuse Brother et surjeteuse babylock 1H\/50\u20ac<\/li>\n<\/ul>\n\n\n\n<h5 class=\"wp-block-heading\"><strong> paiement par <\/strong>virement ou ch\u00e8que pour valider votre inscription<\/h5>\n\n\n\n<p>Toute s\u00e9ance non d\u00e9command\u00e9e 48h \u00e0 l\u2019avance (ou non honor\u00e9e), sera d\u00fb<\/p>\n\n\n\n<h2 class=\"wp-block-heading\">bon cadeau<\/h2>\n\n\n\n<p>Envie de faire plaisir ? De vous faire plaisir ? Le bon cadeau fait peau neuve<img loading=\"lazy\" decoding=\"async\" alt=\"\ud83d\udc90\" src=\"https:\/\/static.xx.fbcdn.net\/images\/emoji.php\/v9\/te3\/1\/16\/1f490.png\" width=\"16\" height=\"16\"><\/p>\n\n\n\n<p>demand\u00e9e votre carte cadeau sur mesure !<\/p>\n\n\n\n<p>A t\u00e9l\u00e9charger gratuitement sur notre page <a rel=\"noreferrer noopener\" href=\"https:\/\/atelierlescolibris.com\/index.php\/bon-cadeau\/\" target=\"_blank\">BON CADEAU<\/a><\/p>\n\n\n\n<p>A vous de jouer !<\/p>\n\n\n\n<h2 class=\"wp-block-heading has-text-align-center\">PROGRAMME<\/h2>\n\n\n<p>Cet atelier est consacr\u00e9 \u00e0 la cr\u00e9ation textile.<\/p>\n<p>Un module de base de couture permettant \u00e0 chacun de faire \u00e9merger ses d\u00e9sirs et son potentiel (cr\u00e9ativit\u00e9, imagination, pr\u00e9cision..)<\/p>\n<p>Que ce soit l\u2019apprentissage de base ou la recherche de perfectionnement, cet atelier propose toutes les techniques de couture<\/p>\n<p><span style=\"color: #33cccc;\"><b>1\u00b0 INITIATION COUTURE <\/b><\/span><\/p>\n<p><b><i>Vous r\u00e9aliserez un v\u00eatement d\u2019apr\u00e8s un patron\u00a0\u00a0\u00a0 ou\u00a0\u00a0\u00a0 vous transformerez d\u2019apr\u00e8s un v\u00eatement existant<\/i><\/b><\/p>\n<ul>\n<li>Apprendre \u00e0 lire un patron<\/li>\n<li>Adapter \u00e0 vos mesures<\/li>\n<li>Transformer un patron\/un v\u00eatement<\/li>\n<li>Apprentissage machine \u00e0 coudre<\/li>\n<\/ul>\n<p><span style=\"color: #33cccc;\"><b>2 \u00b0 INITIATION STYLISME<\/b><\/span><\/p>\n<p><b><i>Vous cr\u00e9ez de A \u00e0 Z votre v\u00eatement <\/i><\/b><\/p>\n<p><b>Techniques coupe \u00e0 plat en plusieurs pi\u00e8ces<\/b><\/p>\n<p><b>Ou technique de coupe en un morceau <\/b><\/p>\n<ul>\n<li>Croquis<\/li>\n<li>Mesures<\/li>\n<li>Choix du tissu<\/li>\n<li>Patronage \/ moulage<\/li>\n<li>Couture<\/li>\n<li>Finitions \/ Essayage<\/li>\n<\/ul>\n<p><span style=\"color: #33cccc;\"><b>3\u00b0 INITIATION PATRONAGE<\/b><\/span><\/p>\n<p><b><i>Vous cr\u00e9ez vos patrons sur mesures<\/i><\/b><\/p>\n<ul>\n<li>Buste, manche, pantalon, jupe, robe de base<\/li>\n<li>Mesures<\/li>\n<li>Patronage \/moulage<\/li>\n<li>Couture<\/li>\n<li>Finitions \/ essayage<\/li>\n<\/ul>\n<p><span style=\"color: #33cccc;\"><b>4 \u00b0 DU PATRONAGE AU MONTAGE <\/b><\/span><\/p>\n<p><b><i>Vous cr\u00e9ez les patrons de votre choix( fran\u00e7ais, japonais)<\/i><\/b><\/p>\n<ul>\n<li>D\u2019apr\u00e8s vos patrons de bases<\/li>\n<li>Patronage \/moulage<\/li>\n<li>Couture<\/li>\n<li>Finitions \/ essayage<\/li>\n<\/ul>\n<p><b>Mat\u00e9riel demand\u00e9 : <\/b><\/p>\n<ul>\n<li>calculatrice<\/li>\n<li>r\u00e8gle ,crayon, gomme , rapporteur<\/li>\n<li>votre trousse de couture<\/li>\n<li>le papier est fourni<\/li>\n<li>du tissu armure toile (min 200 cm \/Laize 140 cm) en coton ou lin pour faire le moulage<\/li>\n<\/ul>\n<p>Accompagnement de votre id\u00e9e \u00ab projet couture \u00bb jusqu\u2019\u00e0 sa r\u00e9alisation, que ce soit pour r\u00e9parer, transformer ou cr\u00e9er. Avec ou sans machine \u00e0 coudre. Apprendre \u00e0 tracer son patron d\u2019apr\u00e8s son buste de base fait sur mesure, moulage, transformation de patron, cr\u00e9ation de jupes, pantalons, chemisiers, robes, manteaux etc.<\/p>\n<h1 style=\"text-align: center;\">La couture plaisir\u00a0!<\/h1>\n\n<div class=\"wp-block-image is-style-circle-mask\">\n<figure class=\"aligncenter size-medium\"><img loading=\"lazy\" decoding=\"async\" width=\"300\" height=\"300\" src=\"https:\/\/atelierlescolibris.com\/wp-content\/uploads\/2020\/03\/cours-de-couture-maillot-de-bain-grenoble-july-toujan-300x300.jpg\" alt=\"\" class=\"wp-image-3318\" srcset=\"https:\/\/atelierlescolibris.com\/wp-content\/uploads\/2020\/03\/cours-de-couture-maillot-de-bain-grenoble-july-toujan-300x300.jpg 300w, https:\/\/atelierlescolibris.com\/wp-content\/uploads\/2020\/03\/cours-de-couture-maillot-de-bain-grenoble-july-toujan-150x150.jpg 150w, https:\/\/atelierlescolibris.com\/wp-content\/uploads\/2020\/03\/cours-de-couture-maillot-de-bain-grenoble-july-toujan-100x100.jpg 100w, https:\/\/atelierlescolibris.com\/wp-content\/uploads\/2020\/03\/cours-de-couture-maillot-de-bain-grenoble-july-toujan.jpg 544w\" sizes=\"auto, (max-width: 300px) 100vw, 300px\" \/><figcaption class=\"wp-element-caption\">cours de couture sp\u00e9cial maillot de bain \u00e0 Grenoble<\/figcaption><\/figure>\n<\/div>\n\n\n<p>Retrouvez au programme : <\/p>\n\n\n\n<ul class=\"wp-block-list\">\n<li>maillot de bain<\/li>\n\n\n\n<li>drap de bain<\/li>\n\n\n\n<li>serviette de bain<\/li>\n\n\n\n<li>tapis de bain<\/li>\n\n\n\n<li>sac de transport<\/li>\n<\/ul>\n\n\n\n<h1 class=\"wp-block-heading has-text-align-center\"> <br>patronage \/ moulage sur mesure<\/h1>\n\n\n\n<p><em><strong>Avant chaque cycle,<\/strong> lors du premier stage, le programme se fait avec les participantes, ci dessous la proposition de base :<\/em><\/p>\n\n\n\n<ol class=\"wp-block-list\">\n<li><em>Initiation prise de mesure , r\u00e9alisation des bases sur mesure  buste N\u00b01 avec pince poitrine et moulage <\/em><\/li>\n\n\n\n<li><em>suite, buste N\u00b02 sans pince poitrine, manche, passage de pinces<\/em> et moulage<\/li>\n\n\n\n<li>suite, Buste transformer en robe, chemisier ou manteau  (finition, parementure, poche etc. ) et moulage<\/li>\n\n\n\n<li>suite, au choix : Transformation sur mesure ou pantalon, jupe de base<\/li>\n\n\n\n<li>suite, programme sur mesure jusqu&rsquo;\u00e0 la fin du cycle de base soit 27 H<\/li>\n<\/ol>\n\n\n\n<p><em><strong>Apr\u00e8s chaque cycle<\/strong>,pour celles qui souhaiteront se perfectionner, une journ\u00e9e de stage sera possible sur demande et avec le th\u00e8me de votre choix<\/em><\/p>\n\n\n\n<h1 class=\"wp-block-heading has-text-align-center\">PROGRAMME 2025<\/h1>\n\n\n\n<figure class=\"wp-block-image size-large\"><img loading=\"lazy\" decoding=\"async\" width=\"1024\" height=\"1024\" src=\"https:\/\/atelierlescolibris.com\/wp-content\/uploads\/2025\/09\/patronage-st-chamas-2025-1024x1024.jpg\" alt=\"atelier-saint-chamas-mercredi\" class=\"wp-image-5640\" srcset=\"https:\/\/atelierlescolibris.com\/wp-content\/uploads\/2025\/09\/patronage-st-chamas-2025-1024x1024.jpg 1024w, https:\/\/atelierlescolibris.com\/wp-content\/uploads\/2025\/09\/patronage-st-chamas-2025-300x300.jpg 300w, https:\/\/atelierlescolibris.com\/wp-content\/uploads\/2025\/09\/patronage-st-chamas-2025-150x150.jpg 150w, https:\/\/atelierlescolibris.com\/wp-content\/uploads\/2025\/09\/patronage-st-chamas-2025-768x768.jpg 768w, https:\/\/atelierlescolibris.com\/wp-content\/uploads\/2025\/09\/patronage-st-chamas-2025-60x60.jpg 60w, https:\/\/atelierlescolibris.com\/wp-content\/uploads\/2025\/09\/patronage-st-chamas-2025.jpg 1080w\" sizes=\"auto, (max-width: 1024px) 100vw, 1024px\" \/><figcaption class=\"wp-element-caption\">atelier couture &#038; patronage \u00e0 saint chamas<\/figcaption><\/figure>\n\n\n\n<h2 class=\"wp-block-heading\"><strong> \u00e0 Saint Chamas<\/strong><\/h2>\n\n\n\n<ul class=\"wp-block-list\">\n<li>Tous les mercredis de 19h30 \u00e0 22h au 35 avenue Saint Exup\u00e9ry 13250<\/li>\n\n\n\n<li>stage de patronage <\/li>\n\n\n\n<li>couture libre <\/li>\n\n\n\n<li>couture nomade <\/li>\n\n\n\n<li>art textile<\/li>\n<\/ul>\n\n\n\n<p>inscription \u00e0 la carte ou au forfait ( 3h.6h.9h.12h.15h)<\/p>\n\n\n\n<p>inscription au 06.72.92.14.60 <\/p>\n\n\n\n<h2 class=\"wp-block-heading\">\u00e9v\u00e8nementiels<\/h2>\n\n\n\n<p>On se retrouve comme chaque ann\u00e9e <\/p>\n\n\n\n<figure class=\"wp-block-image size-full\"><img loading=\"lazy\" decoding=\"async\" width=\"369\" height=\"136\" src=\"https:\/\/atelierlescolibris.com\/wp-content\/uploads\/2025\/09\/coupe-icare-2025.jpg\" alt=\"coupe-icare-2025\" class=\"wp-image-5637\" srcset=\"https:\/\/atelierlescolibris.com\/wp-content\/uploads\/2025\/09\/coupe-icare-2025.jpg 369w, https:\/\/atelierlescolibris.com\/wp-content\/uploads\/2025\/09\/coupe-icare-2025-300x111.jpg 300w, https:\/\/atelierlescolibris.com\/wp-content\/uploads\/2025\/09\/coupe-icare-2025-163x60.jpg 163w\" sizes=\"auto, (max-width: 369px) 100vw, 369px\" \/><\/figure>\n\n\n\n<ul class=\"wp-block-list\">\n<li> la <a href=\"https:\/\/www.coupe-icare.org\/\">Coupe Icare<\/a><\/li>\n<\/ul>\n\n\n\n<p>vendredi 19 septembre de 10 \u00e0 16 h : atelier manches \u00e0 air pour les scolaires<\/p>\n\n\n\n<p>Samedi 20 et dimanche 21 septembre : atelier manches \u00e0 air, lumin&rsquo;air tout public de 10h \u00e0 18h \u00e0 st hilaire du TOUVET dans Icare M\u00f4mes<\/p>\n\n\n\n<ul class=\"wp-block-list\">\n<li>le samedi 27 Juillet<\/li>\n<\/ul>\n\n\n\n<h2 class=\"wp-block-heading\">PARTENARIAT EN IS\u00c8RE depuis 2007 <\/h2>\n\n\n\n<p><strong>L&rsquo;\u00e9t\u00e9 oh parc<\/strong> : depuis 2011<\/p>\n\n\n\n<p><strong>La f\u00eate du <\/strong><a href=\"https:\/\/www.lac-monteynard.com\/\">lac de Monteynard<\/a> depuis 2017<\/p>\n\n\n\n<p><strong>la f\u00eate des tuiles :<\/strong>  2022  sacoches \u00e0 v\u00e9lo en b\u00e2ches recycl\u00e9es<\/p>\n\n\n\n<p><strong>la coupe Icare 2022 <\/strong>: depuis 2011<\/p>\n\n\n\n<p>MDH ( GRENOBLE)<\/p>\n\n\n\n<p>CCAS ( GRENOBLE , POISAT ,SMH , GIERES, FONTAINE, VIF )<\/p>\n\n\n\n<p>MJC (ALLOBROGES, PARMENTIER, ANATOLE FRANCE )<\/p>\n\n\n\n<p>RAM<\/p>\n\n\n\n<p>VILLE DE GRENOBLE (ETE OH PARC , FETES DES TUILES , SEMAINE EUROPEENNE ECOCITOYEN)<\/p>\n\n\n\n<p>VILLE DE FONTAINE<\/p>\n\n\n\n<p>VILLE D ECHIROLLES<\/p>\n\n\n\n<p>VILLE DE VIF<\/p>\n\n\n\n<p>VILLE DE PONT DE CLAIX ( JOURNEE DEVELOPPEMENT DURABLE )<\/p>\n\n\n\n<p>VILLE DE MONESTIER DE CLERMONT ( GRANJOU)<\/p>\n\n\n\n<p>METRO<\/p>\n\n\n\n<p>SIVOM LAC DE MONTEYNARD f\u00eate du lac depuis 2017<\/p>\n\n\n\n<p>MAISON DE LA COUTURE depuis 2011 ( animation cours de patronage, accueil\/vente \u00e0 la boutique )<\/p>\n\n\n\n<p>MUSEE BERGES art textile<\/p>\n\n\n\n<p>LE TH\u00c9 A COUDRE depuis 2021<\/p>\n\n\n\n<p>LE PRUNIER SAUVAGE<\/p>\n\n\n\n<p>FESTIJEUX<\/p>\n\n\n\n<p>ESRF CSE depuis 2017<\/p>\n\n\n\n<p>ASSOCIATION\/ AUTRES ( LE ROCHER ,LE LYS ROUGE, LES VOISINES,SCIENCES ET MALICES,FESTIVAL DU VENT, LA COUPE ICARE,WAGGAS FESTIVAL,BIG UKULELE SYNDICATE, VEDA SHERE, MAMAME &#8230; )<\/p>\n","protected":false},"excerpt":{"rendered":"<p>BIENVENUE Start &amp; Stop ! GO pour une ann\u00e9e 2025 qui nous invite \u00e0 \u00eatre dans le mouvement et la r\u00e9silience cr\u00e9ative Possibilit\u00e9 d&rsquo;accueillir le cours de couture chez vous &hellip; <\/p>\n","protected":false},"author":1,"featured_media":3449,"parent":0,"menu_order":0,"comment_status":"closed","ping_status":"closed","template":"","meta":{"_ti_tpc_template_sync":false,"_ti_tpc_template_id":"","footnotes":""},"class_list":["post-225","page","type-page","status-publish","has-post-thumbnail","hentry"],"_links":{"self":[{"href":"https:\/\/atelierlescolibris.com\/index.php\/wp-json\/wp\/v2\/pages\/225","targetHints":{"allow":["GET"]}}],"collection":[{"href":"https:\/\/atelierlescolibris.com\/index.php\/wp-json\/wp\/v2\/pages"}],"about":[{"href":"https:\/\/atelierlescolibris.com\/index.php\/wp-json\/wp\/v2\/types\/page"}],"author":[{"embeddable":true,"href":"https:\/\/atelierlescolibris.com\/index.php\/wp-json\/wp\/v2\/users\/1"}],"replies":[{"embeddable":true,"href":"https:\/\/atelierlescolibris.com\/index.php\/wp-json\/wp\/v2\/comments?post=225"}],"version-history":[{"count":260,"href":"https:\/\/atelierlescolibris.com\/index.php\/wp-json\/wp\/v2\/pages\/225\/revisions"}],"predecessor-version":[{"id":5644,"href":"https:\/\/atelierlescolibris.com\/index.php\/wp-json\/wp\/v2\/pages\/225\/revisions\/5644"}],"wp:featuredmedia":[{"embeddable":true,"href":"https:\/\/atelierlescolibris.com\/index.php\/wp-json\/wp\/v2\/media\/3449"}],"wp:attachment":[{"href":"https:\/\/atelierlescolibris.com\/index.php\/wp-json\/wp\/v2\/media?parent=225"}],"curies":[{"name":"wp","href":"https:\/\/api.w.org\/{rel}","templated":true}]}}